{"id":5,"date":"2015-09-10T13:09:24","date_gmt":"2015-09-10T12:09:24","guid":{"rendered":"http:\/\/www.ladydraw.com\/?page_id=5"},"modified":"2020-06-10T18:05:50","modified_gmt":"2020-06-10T17:05:50","slug":"accueil","status":"publish","type":"page","link":"https:\/\/www.ladydraw.com\/fr\/","title":{"rendered":"Accueil"},"content":{"rendered":"[vc_row][vc_column offset=\u00a0\u00bbvc_hidden-sm vc_hidden-xs\u00a0\u00bb][vc_column_text]\n<p style=\"text-align: center;\"><strong>PATENT INPI N\u00b016 70210 &#8211; All rights reserved<\/strong><\/p>\n[\/vc_column_text][\/vc_column][\/vc_row][vc_row][vc_column width=\u00a0\u00bb1\/2&Prime; offset=\u00a0\u00bbvc_hidden-xs\u00a0\u00bb][vc_cta h2=\u00a0\u00bbRetrouvez les cr\u00e9ations de PJLaine sur PjLaine.com\u00a0\u00bb add_button=\u00a0\u00bbright\u00a0\u00bb btn_title=\u00a0\u00bbGO\u00a0\u00bb btn_color=\u00a0\u00bbdanger\u00a0\u00bb css_animation=\u00a0\u00bbbounceIn\u00a0\u00bb btn_link=\u00a0\u00bburl:https%3A%2F%2Fpjlaine.com|title:GO|target:%20_blank|\u00a0\u00bb css=\u00a0\u00bb.vc_custom_1591808709469{background-color: #ffe500 !important;}\u00a0\u00bb][\/vc_cta][vc_empty_space height=\u00a0\u00bb50px\u00a0\u00bb][vc_column_text]<em>J\u2019ai toujours aim\u00e9 dessiner, esquisser, gribouiller, mais aussi coder, programmer.<\/em><\/p>\n<p><em>J\u2019ai cr\u00e9\u00e9 une machine pour sous-traiter mon impatience, une proth\u00e8se magique. J\u2019ai commenc\u00e9 en 2012. 7 ans \u00e0 ce jour que, petit \u00e0 petit, parfois avec minutie, souvent jurons et emportements, je fabrique cette machine capable d\u2019exprimer mes id\u00e9es sans l\u2019enfer de la ma\u00eetrise d\u2019art.<\/em><\/p>\n<p><em>Mais voil\u00e0 qu\u2019\u00e0 cet instant elle est capable de bien mieux que moi. \u00a0Enfin.<\/em><\/p>\n<p><em>Et \u00e0 peine ai-je donc mon outil, \u00e0 peine ai-je os\u00e9 imaginer ce que j\u2019allais finalement pouvoir dessiner, que d\u00e9j\u00e0 je per\u00e7ois une intention \u00e9trang\u00e8re.<\/em><\/p>\n<p><em>Moi je voulais juste dessiner sur les murs et les baies vitr\u00e9es, du trait vieux aux lignes neuves, en grand ou en g\u00e9ant, un outil d\u2019impression de mes pens\u00e9es.\u00a0<\/em><\/p>\n<p><em>Maintenant je sens qu\u2019\u00a0\u00ab\u00a0elle\u00a0\u00bb demande sa propre vie, son propre style, sa propre expression, qui d\u00e8s lors, ne sera plus la mienne. Les enfants ont parfois la politesse de la gratitude, pas les machines, encore moins dans leur Deep jeunesse. Sa d\u00e9marche devient la mienne\u00a0: Jeter dans le r\u00e9el incarn\u00e9 la perfection des \u00e9quations, d\u2019algorithmes, d\u2019ordres nanom\u00e9tr\u00e9s et d\u00e9couvrir par elle-m\u00eame ce hiatus\u00a0: l\u2019imperfection ne vient pas de l\u2019intention, mais bien du r\u00e9el lui-m\u00eame et de sa constante usure.<\/em><\/p>\n<p><em>Outil en d\u00e9marche de mutation, permutations d\u2019intentions.<\/em><\/p>\n<p style=\"text-align: right;\"><em>LAINE Pierre-jean<\/em><\/p>\n[\/vc_column_text][vc_empty_space height=\u00a0\u00bb50px\u00a0\u00bb][vc_text_separator title=\u00a0\u00bbTHE WALL DRAWING MACHINE\u00a0\u00bb title_align=\u00a0\u00bbseparator_align_left\u00a0\u00bb color=\u00a0\u00bbmulled_wine\u00a0\u00bb border_width=\u00a0\u00bb3&Prime;][vc_video link=\u00a0\u00bbhttps:\/\/youtu.be\/-3BotzLDySY\u00a0\u00bb][vc_empty_space height=\u00a0\u00bb50px\u00a0\u00bb][vc_text_separator title=\u00a0\u00bbME\u00a0\u00bb title_align=\u00a0\u00bbseparator_align_left\u00a0\u00bb color=\u00a0\u00bbmulled_wine\u00a0\u00bb border_width=\u00a0\u00bb3&Prime;][vc_column_text]Im a French guy. Living in Savoie, near the Mont-Blanc : <a href=\"https:\/\/www.ladydraw.com\/laine-pierre-jean\/\">More<\/a>[\/vc_column_text][vc_empty_space height=\u00a0\u00bb50px\u00a0\u00bb][vc_text_separator title=\u00a0\u00bbSOCIAL NETWORK\u00a0\u00bb title_align=\u00a0\u00bbseparator_align_left\u00a0\u00bb color=\u00a0\u00bbmulled_wine\u00a0\u00bb border_width=\u00a0\u00bb3&Prime;]<div class=\"shortcode-wrapper shortcode-social-icons\"><ul class=\"social-icons dark large hb-animate-element right-to-left\"><li class=\"twitter\"><a href=\"http:\/\/twitter.com\/ladydrawcom\" target=\"_blank\"><i class=\"hb-moon-twitter\"><\/i><i class=\"hb-moon-twitter\"><\/i><\/a><\/li><li class=\"facebook\"><a href=\"http:\/\/www.facebook.com\/ladydraw\" target=\"_blank\"><i class=\"hb-moon-facebook\"><\/i><i class=\"hb-moon-facebook\"><\/i><\/a><\/li><li class=\"linkedin\"><a href=\"https:\/\/fr.linkedin.com\/pub\/pierre-jean-laine\/88\/334\/990\" target=\"_blank\"><i class=\"hb-moon-linkedin\"><\/i><i class=\"hb-moon-linkedin\"><\/i><\/a><\/li><li class=\"deviantart\"><a href=\"http:\/\/ladydrawcom.deviantart.com\/\" target=\"_blank\"><i class=\"hb-moon-deviantart\"><\/i><i class=\"hb-moon-deviantart\"><\/i><\/a><\/li><li class=\"delicious\"><a href=\"https:\/\/delicious.com\/ladydraw\" target=\"_blank\"><i class=\"hb-moon-delicious\"><\/i><i class=\"hb-moon-delicious\"><\/i><\/a><\/li><\/ul><\/div>[vc_empty_space height=\u00a0\u00bb50px\u00a0\u00bb][vc_single_image image=\u00a0\u00bb571&Prime; img_size=\u00a0\u00bb200&Prime; alignment=\u00a0\u00bbcenter\u00a0\u00bb][vc_empty_space][vc_text_separator title=\u00a0\u00bbTHE LADYDRAW MACHINE\u00a0\u00bb title_align=\u00a0\u00bbseparator_align_left\u00a0\u00bb color=\u00a0\u00bbmulled_wine\u00a0\u00bb border_width=\u00a0\u00bb3&Prime;][vc_column_text]\n<h3>The LadyDraw machine must :<\/h3>\n<ul>\n<li>Get a Jpeg or PNG picture of a draw and transform it in G-code using Curve (G2 and G3)<\/li>\n<li>Use any pencil<\/li>\n<li>Draw any size<\/li>\n<li>Draw on any nearly plane surface<\/li>\n<\/ul>\n<h3><\/h3>\n<h3>The LadyDraw for now :<\/h3>\n<ul>\n<li>Is able to vectorize 95% of the curve of a picture<\/li>\n<li>Is able to draw 70 cm width and 210 cm height picture on a vertical surface<\/li>\n<\/ul>\n<p><a href=\"https:\/\/www.image-to-gcode.com\" target=\"_blank\" rel=\"noopener noreferrer\">The vectorization to SVG\/GCODE is done by VectoPict.com<\/a>[\/vc_column_text][vc_empty_space height=\u00a0\u00bb50px\u00a0\u00bb][vc_column_text]\n<h3>Artist\/Artwork challenge :<\/h3>\n<h4>Masters :<\/h4>\n<p style=\"padding-left: 30px;\">Manara, <span class=\"st\">Tsutomu Nihei<\/span>, Jacques Callot, Gustave Dor\u00e9, Gotlib, Mucha<\/p>\n<h4>Masters on way :<\/h4>\n<p style=\"padding-left: 30px;\">Antistatik, Kerbyrosanes, Allison Stanley, Daniel Loya, Francois Dubeau<\/p>\n[\/vc_column_text][vc_empty_space height=\u00a0\u00bb50px\u00a0\u00bb][vc_text_separator title=\u00a0\u00bbCONTACT\u00a0\u00bb title_align=\u00a0\u00bbseparator_align_left\u00a0\u00bb color=\u00a0\u00bbmulled_wine\u00a0\u00bb border_width=\u00a0\u00bb3&Prime;][vc_column_text]<div role=\"form\" class=\"wpcf7\" id=\"wpcf7-f4-o2\" lang=\"fr-FR\" dir=\"ltr\">\n<div class=\"screen-reader-response\"><p role=\"status\" aria-live=\"polite\" aria-atomic=\"true\"><\/p> <ul><\/ul><\/div>\n<form action=\"\/fr\/wp-json\/wp\/v2\/pages\/5#wpcf7-f4-o2\" method=\"post\" class=\"wpcf7-form init\" novalidate=\"novalidate\" data-status=\"init\">\n<div style=\"display: none;\">\n<input type=\"hidden\" name=\"_wpcf7\" value=\"4\" \/>\n<input type=\"hidden\" name=\"_wpcf7_version\" value=\"5.4\" \/>\n<input type=\"hidden\" name=\"_wpcf7_locale\" value=\"fr_FR\" \/>\n<input type=\"hidden\" name=\"_wpcf7_unit_tag\" value=\"wpcf7-f4-o2\" \/>\n<input type=\"hidden\" name=\"_wpcf7_container_post\" value=\"0\" \/>\n<input type=\"hidden\" name=\"_wpcf7_posted_data_hash\" value=\"\" \/>\n<input type=\"hidden\" name=\"_wpcf7_recaptcha_response\" value=\"\" \/>\n<\/div>\n<p>Votre nom (obligatoire)<br \/>\n    <span class=\"wpcf7-form-control-wrap your-name\"><input type=\"text\" name=\"your-name\" value=\"\" size=\"40\" class=\"wpcf7-form-control wpcf7-text wpcf7-validates-as-required\" aria-required=\"true\" aria-invalid=\"false\" \/><\/span> <\/p>\n<p>Votre email (obligatoire)<br \/>\n    <span class=\"wpcf7-form-control-wrap your-email\"><input type=\"email\" name=\"your-email\" value=\"\" size=\"40\" class=\"wpcf7-form-control wpcf7-text wpcf7-email wpcf7-validates-as-required wpcf7-validates-as-email\" aria-required=\"true\" aria-invalid=\"false\" \/><\/span> <\/p>\n<p>Sujet<br \/>\n    <span class=\"wpcf7-form-control-wrap your-subject\"><input type=\"text\" name=\"your-subject\" value=\"\" size=\"40\" class=\"wpcf7-form-control wpcf7dtx-dynamictext wpcf7-dynamictext\" aria-invalid=\"false\" \/><\/span> <\/p>\n<p>Votre message<br \/>\n    <span class=\"wpcf7-form-control-wrap your-message\"><textarea name=\"your-message\" cols=\"40\" rows=\"10\" class=\"wpcf7-form-control wpcf7-textarea\" aria-invalid=\"false\"><\/textarea><\/span> <\/p>\n\n<p><input type=\"submit\" value=\"Envoyer\" class=\"wpcf7-form-control wpcf7-submit\" \/><\/p>\n<div class=\"wpcf7-response-output\" aria-hidden=\"true\"><\/div><\/form><\/div>[\/vc_column_text][\/vc_column][vc_column width=\u00a0\u00bb1\/2&Prime;]<div class=\"shortcode-wrapper shortcode-social-icons\"><ul class=\"social-icons dark large\"><li class=\"twitter\"><a href=\"https:\/\/twitter.com\/ladydrawcom\" target=\"_blank\"><i class=\"hb-moon-twitter\"><\/i><i class=\"hb-moon-twitter\"><\/i><\/a><\/li><li class=\"facebook\"><a href=\"https:\/\/www.facebook.com\/ladydraw\" target=\"_blank\"><i class=\"hb-moon-facebook\"><\/i><i class=\"hb-moon-facebook\"><\/i><\/a><\/li><li class=\"instagram\"><a href=\"https:\/\/www.instagram.com\/ladydraw.pjlaine\/\" target=\"_blank\"><i class=\"hb-moon-instagram\"><\/i><i class=\"hb-moon-instagram\"><\/i><\/a><\/li><\/ul><\/div>[vc_basic_grid post_type=\u00a0\u00bbpost\u00a0\u00bb max_items=\u00a0\u00bb14&Prime; element_width=\u00a0\u00bb12&Prime; gap=\u00a0\u00bb10&Prime; item=\u00a0\u00bb556&Prime; grid_id=\u00a0\u00bbvc_gid:1591808643696-a0a29e64-7080-0&Prime;][\/vc_column][\/vc_row][vc_row][vc_column]<div class=\"shortcode-wrapper shortcode-title clearfix\"><p class=\"hb-text-large \">Depuis le d\u00e9but<\/p><\/div>[vc_basic_grid post_type=\u00a0\u00bbpost\u00a0\u00bb max_items=\u00a0\u00bb-1&Prime; element_width=\u00a0\u00bb6&Prime; gap=\u00a0\u00bb10&Prime; item=\u00a0\u00bb556&Prime; grid_id=\u00a0\u00bbvc_gid:1591808643698-6d18d123-144f-5&Prime; offset=\u00a0\u00bb14&Prime;][\/vc_column][\/vc_row]","protected":false},"excerpt":{"rendered":"<p>[vc_row][vc_column offset=\u00a0\u00bbvc_hidden-sm vc_hidden-xs\u00a0\u00bb][vc_column_text] PATENT INPI N\u00b016 70210 &#8211; All rights reserved [\/vc_column_text][\/vc_column][\/vc_row][vc_row][vc_column width=\u00a0\u00bb1\/2&Prime; offset=\u00a0\u00bbvc_hidden-xs\u00a0\u00bb][vc_cta h2=\u00a0\u00bbRetrouvez les cr\u00e9ations de PJLaine sur PjLaine.com\u00a0\u00bb add_button=\u00a0\u00bbright\u00a0\u00bb btn_title=\u00a0\u00bbGO\u00a0\u00bb btn_color=\u00a0\u00bbdanger\u00a0\u00bb css_animation=\u00a0\u00bbbounceIn\u00a0\u00bb btn_link=\u00a0\u00bburl:https%3A%2F%2Fpjlaine.com|title:GO|target:%20_blank|\u00a0\u00bb css=\u00a0\u00bb.vc_custom_1591808709469{background-color: #ffe500 !important;}\u00a0\u00bb][\/vc_cta][vc_empty_space height=\u00a0\u00bb50px\u00a0\u00bb][vc_column_text]J\u2019ai toujours aim\u00e9 dessiner, esquisser, gribouiller, mais aussi coder, programmer. J\u2019ai cr\u00e9\u00e9 une machine pour sous-traiter mon impatience, une proth\u00e8se magique. J\u2019ai commenc\u00e9 en 2012. 7 [&hellip;]<\/p>\n","protected":false},"author":1,"featured_media":0,"parent":0,"menu_order":0,"comment_status":"closed","ping_status":"closed","template":"","meta":{"footnotes":""},"class_list":["post-5","page","type-page","status-publish","hentry"],"_links":{"self":[{"href":"https:\/\/www.ladydraw.com\/fr\/wp-json\/wp\/v2\/pages\/5","targetHints":{"allow":["GET"]}}],"collection":[{"href":"https:\/\/www.ladydraw.com\/fr\/wp-json\/wp\/v2\/pages"}],"about":[{"href":"https:\/\/www.ladydraw.com\/fr\/wp-json\/wp\/v2\/types\/page"}],"author":[{"embeddable":true,"href":"https:\/\/www.ladydraw.com\/fr\/wp-json\/wp\/v2\/users\/1"}],"replies":[{"embeddable":true,"href":"https:\/\/www.ladydraw.com\/fr\/wp-json\/wp\/v2\/comments?post=5"}],"version-history":[{"count":114,"href":"https:\/\/www.ladydraw.com\/fr\/wp-json\/wp\/v2\/pages\/5\/revisions"}],"predecessor-version":[{"id":7134,"href":"https:\/\/www.ladydraw.com\/fr\/wp-json\/wp\/v2\/pages\/5\/revisions\/7134"}],"wp:attachment":[{"href":"https:\/\/www.ladydraw.com\/fr\/wp-json\/wp\/v2\/media?parent=5"}],"curies":[{"name":"wp","href":"https:\/\/api.w.org\/{rel}","templated":true}]}}